{"id":345,"date":"2022-01-31T13:55:27","date_gmt":"2022-01-31T12:55:27","guid":{"rendered":"https:\/\/www.orthodutch.com\/home-we-take-care\/"},"modified":"2023-05-17T11:14:02","modified_gmt":"2023-05-17T09:14:02","slug":"home-we-take-care","status":"publish","type":"page","link":"https:\/\/www.orthodutch.com\/de\/home-we-take-care\/","title":{"rendered":"Home &#8211; We take care"},"content":{"rendered":"<div id='full_slider_1'  class='avia-fullwidth-slider main_color avia-shadow   avia-builder-el-0  el_before_av_heading  avia-builder-el-first   container_wrap fullsize'  ><div  class='avia-slideshow av-kz5xvwdc-ecc38995dd4b6bcdf08847961e4642bc av-control-default avia-slideshow-featured av_slideshow_full avia-slide-slider av-default-height-applied   avia-slideshow-1'  data-size='featured'  data-lightbox_size='large'  data-animation='slide'  data-conditional_play=''  data-ids='172'  data-video_counter='0'  data-autoplay='false'  data-bg_slider='false'  data-slide_height=''  data-handle='av_slideshow_full'  data-interval='5'  data-class=''  data-extra_class=' '  data-el_id=''  data-css_id=''  data-scroll_down=''  data-control_layout='av-control-default'  data-custom_markup=''  data-perma_caption=''  data-autoplay_stopper=''  data-image_attachment=''  data-min_height='0px'  data-lazy_loading='disabled'  data-default-height='28.6666666667'  data-stretch=''  data-src=''  data-position='top left'  data-repeat='no-repeat'  data-attach='scroll'  data-img_scrset=''  data-av-desktop-hide=''  data-av-medium-hide=''  data-av-small-hide=''  data-av-mini-hide=''  data-id=''  data-custom_class=''  data-template_class=''  data-av_uid='av-kz5xvwdc'  data-sc_version='1.0'  data-heading_tag=''  data-heading_class=''   itemprop=\"image\" itemscope=\"itemscope\" itemtype=\"https:\/\/schema.org\/ImageObject\" ><ul class='avia-slideshow-inner ' style='padding-bottom: 28.6666666667%;'><li  class='avia-slideshow-slide av-kz5xvwdc-ecc38995dd4b6bcdf08847961e4642bc__0  av-single-slide slide-1 ' ><div data-rel='slideshow-1' class='avia-slide-wrap '   ><img decoding=\"async\" class=\"wp-image-289 avia-img-lazy-loading-not-289\"  src=\"https:\/\/www.orthodutch.com\/wp-content\/uploads\/2022\/02\/slide1_Layer_1-1500x430.png\" width=\"1500\" height=\"430\" title='slide1_Layer_1' alt=''  itemprop=\"thumbnailUrl\"   \/><\/div><\/li><\/ul><\/div><\/div><div id='after_full_slider_1'  class='main_color av_default_container_wrap container_wrap fullsize'  ><div class='container av-section-cont-open' ><div class='template-page content  av-content-full alpha units'><div class='post-entry post-entry-type-page post-entry-345'><div class='entry-content-wrapper clearfix'>\n\n<style type=\"text\/css\" data-created_by=\"avia_inline_auto\" id=\"style-css-av-kz6rf0mh-e7c24c2a591f1e6b541fe554c12d308c\">\n#top .av-special-heading.av-kz6rf0mh-e7c24c2a591f1e6b541fe554c12d308c{\npadding-bottom:10px;\n}\nbody .av-special-heading.av-kz6rf0mh-e7c24c2a591f1e6b541fe554c12d308c .av-special-heading-tag .heading-char{\nfont-size:25px;\n}\n.av-special-heading.av-kz6rf0mh-e7c24c2a591f1e6b541fe554c12d308c .av-subheading{\nfont-size:15px;\n}\n<\/style>\n<div  class='av-special-heading av-kz6rf0mh-e7c24c2a591f1e6b541fe554c12d308c av-special-heading-h3 custom-color-heading  avia-builder-el-1  el_after_av_slideshow_full  el_before_av_one_third  avia-builder-el-first  av-linked-heading'><h3 class='av-special-heading-tag'  itemprop=\"headline\"  >We take care<\/h3><div class=\"special-heading-border\"><div class=\"special-heading-inner-border\"><\/div><\/div><\/div>\n<div class='flex_column av-jzswj-81e94cee9afdbf0010bfb132f22b2370 av_one_third  avia-builder-el-2  el_after_av_heading  el_before_av_one_third  first flex_column_div '   ><section  class='av_textblock_section av-kz5yun9d-d451762ea7fed74530d9ec5470a5cd70'  itemscope=\"itemscope\" itemtype=\"https:\/\/schema.org\/CreativeWork\" ><div class='avia_textblock'  itemprop=\"text\" ><p>OrthoDutch ist ausgerichtet auf Ihre Fachgebiete, die Podotherapie, Podologie und Orthop die Durch die Marktn he bieten wir Ihnen Produkte auf dem neusten Stand der Entwicklung. Wir sind in der Lage, ein komplettes Sortiment zu liefern, das Ihren Bed\u00fcrfnissen entspricht, damit Sie wiederum den Patienten den bestm\u00f6glichen Service bieten k\u00f6nnen. Darum geht es uns. Gerne finden wir gemeinsam mit Ihnen die optimale L\u00f6sung f\u00fcr Ihre Praxis.<\/p>\n<\/div><\/section><\/div>\n<div class='flex_column av-gzmm3-75c2d8f882e90230f73ef650033fbfcb av_one_third  avia-builder-el-4  el_after_av_one_third  el_before_av_one_third  flex_column_div '   ><section  class='av_textblock_section av-kz5ywaq7-f80cd52c117037d07802c58eb72644de'  itemscope=\"itemscope\" itemtype=\"https:\/\/schema.org\/CreativeWork\" ><div class='avia_textblock'  itemprop=\"text\" ><p>Die Muttergesellschaft von OrthoDutch ist die Firma De Ridder b.v. Die jahrelange Erfahrung von De Ridder auf dem Gebiet Verkauf und Instandhaltung von Fr smaschinen, die im Bereich Orthop die und Podologie eingesetzt werden,bietet eine gute Grundlage f\u00fcr die Zusammenarbeit. Wir haben uns mit einer Reihe von Spezialisten aus diesen Bereichen zusammengeschlossen und dank dieser Zusammenarbeit ist OrthoDutch entstanden. Dadurch kann OrthoDutch Ihnen als Spezialist im Bereich hochwertiger Maschinen, hochwertiger Scanner, aktueller Software, kompletter Werkstattausr\u00fcstung und schnellem, angemessenem Service dienen.<\/p>\n<\/div><\/section><\/div>\n<div class='flex_column av-a4e5f-8e390ffbb64986124686e74301e6e4c4 av_one_third  avia-builder-el-6  el_after_av_one_third  el_before_av_hr  flex_column_div '   ><div  class='avia-video av-kz5zpml1-2e779b344a2436ad53bc351116f647d4 avia-video-16-9 av-html5-fullscreen-btn av-no-preview-image avia-video-load-always av-lazyload-immediate av-lazyload-video-embed'  itemprop=\"video\" itemtype=\"https:\/\/schema.org\/VideoObject\"  data-original_url='https:\/\/youtu.be\/lJ-yrdswvUY'><script type='text\/html' class='av-video-tmpl'><div class='avia-iframe-wrap'><iframe loading=\"lazy\" title=\"OrthoDutch Nederlands HD\" width=\"1500\" height=\"844\" src=\"https:\/\/www.youtube.com\/embed\/lJ-yrdswvUY?feature=oembed&autoplay=1&loop=1&controls=1&mute=1\" frameborder=\"0\" allow=\"accelerometer; autoplay; clipboard-write; encrypted-media; gyroscope; picture-in-picture\" allowfullscreen><\/iframe><\/div><\/script><div class='av-click-to-play-overlay'><div class=\"avia_playpause_icon\"><\/div><\/div><\/div><\/div>\n<div  class='hr av-9v4tf-f41a3f0f973bc753f945bb70e4e9bcd2 hr-default  avia-builder-el-8  el_after_av_one_third  el_before_av_textblock '><span class='hr-inner '><span class=\"hr-inner-style\"><\/span><\/span><\/div>\n<section  class='av_textblock_section av-kz8essfr-5f9627ec9d5bfb9bea672de2c31fb6c4'  itemscope=\"itemscope\" itemtype=\"https:\/\/schema.org\/CreativeWork\" ><div class='avia_textblock'  itemprop=\"text\" ><p>Sie k\u00f6nnen unsere Produkte ganz einfach bestellen \u00fcber:<\/p>\n<\/div><\/section>\n\n<style type=\"text\/css\" data-created_by=\"avia_inline_auto\" id=\"style-css-av-kz8ewsqf-ba621be5b32a8fba36a40e89bd0d85fc\">\n.avia-image-container.av-kz8ewsqf-ba621be5b32a8fba36a40e89bd0d85fc .av-image-caption-overlay-center{\ncolor:#ffffff;\n}\n<\/style>\n<div  class='avia-image-container av-kz8ewsqf-ba621be5b32a8fba36a40e89bd0d85fc av-styling- avia-align-center  avia-builder-el-10  el_after_av_textblock  avia-builder-el-last '  itemprop=\"image\" itemscope=\"itemscope\" itemtype=\"https:\/\/schema.org\/ImageObject\" ><div class=\"avia-image-container-inner\"><div class=\"avia-image-overlay-wrap\"><a href=\"https:\/\/www.podonova.nl\/zolenfreesmachines-orthodutch-de-ridder-tho-srm\/\" class='avia_image' target=\"_blank\" rel=\"noopener noreferrer\"><img decoding=\"async\" class='wp-image-518 avia-img-lazy-loading-not-518 avia_image' src=\"https:\/\/www.orthodutch.com\/wp-content\/uploads\/2023\/05\/orthodutch-nl-logo-1-300x53.png\" alt='' title='orthodutch nl logo'  height=\"53\" width=\"300\"  itemprop=\"thumbnailUrl\" srcset=\"https:\/\/www.orthodutch.com\/wp-content\/uploads\/2023\/05\/orthodutch-nl-logo-1-300x53.png 300w, https:\/\/www.orthodutch.com\/wp-content\/uploads\/2023\/05\/orthodutch-nl-logo-1-1030x181.png 1030w, https:\/\/www.orthodutch.com\/wp-content\/uploads\/2023\/05\/orthodutch-nl-logo-1-768x135.png 768w, https:\/\/www.orthodutch.com\/wp-content\/uploads\/2023\/05\/orthodutch-nl-logo-1-1536x269.png 1536w, https:\/\/www.orthodutch.com\/wp-content\/uploads\/2023\/05\/orthodutch-nl-logo-1-2048x359.png 2048w, https:\/\/www.orthodutch.com\/wp-content\/uploads\/2023\/05\/orthodutch-nl-logo-1-1500x263.png 1500w, https:\/\/www.orthodutch.com\/wp-content\/uploads\/2023\/05\/orthodutch-nl-logo-1-705x124.png 705w\" sizes=\"(max-width: 300px) 100vw, 300px\" \/><\/a><\/div><\/div><\/div>\n","protected":false},"excerpt":{"rendered":"","protected":false},"author":3,"featured_media":0,"parent":0,"menu_order":0,"comment_status":"closed","ping_status":"closed","template":"","meta":{"footnotes":""},"class_list":["post-345","page","type-page","status-publish","hentry"],"_links":{"self":[{"href":"https:\/\/www.orthodutch.com\/de\/wp-json\/wp\/v2\/pages\/345","targetHints":{"allow":["GET"]}}],"collection":[{"href":"https:\/\/www.orthodutch.com\/de\/wp-json\/wp\/v2\/pages"}],"about":[{"href":"https:\/\/www.orthodutch.com\/de\/wp-json\/wp\/v2\/types\/page"}],"author":[{"embeddable":true,"href":"https:\/\/www.orthodutch.com\/de\/wp-json\/wp\/v2\/users\/3"}],"replies":[{"embeddable":true,"href":"https:\/\/www.orthodutch.com\/de\/wp-json\/wp\/v2\/comments?post=345"}],"version-history":[{"count":22,"href":"https:\/\/www.orthodutch.com\/de\/wp-json\/wp\/v2\/pages\/345\/revisions"}],"predecessor-version":[{"id":521,"href":"https:\/\/www.orthodutch.com\/de\/wp-json\/wp\/v2\/pages\/345\/revisions\/521"}],"wp:attachment":[{"href":"https:\/\/www.orthodutch.com\/de\/wp-json\/wp\/v2\/media?parent=345"}],"curies":[{"name":"wp","href":"https:\/\/api.w.org\/{rel}","templated":true}]}}