{"id":411,"date":"2022-02-01T15:22:38","date_gmt":"2022-02-01T14:22:38","guid":{"rendered":"https:\/\/www.orthodutch.com\/machines\/"},"modified":"2022-02-06T21:00:29","modified_gmt":"2022-02-06T20:00:29","slug":"machines","status":"publish","type":"page","link":"https:\/\/www.orthodutch.com\/de\/machines\/","title":{"rendered":"Fr\u00e4s-systemen"},"content":{"rendered":"<div class='flex_column av-t3a9e-54e0c3dee9e971aad41e016f1c0c382f av_one_fourth  avia-builder-el-0  el_before_av_one_fourth  avia-builder-el-first  first flex_column_div '   ><section  class='av_textblock_section av-kz6z3lqm-a971a887df779d80302fc07e923805ba'  itemscope=\"itemscope\" itemtype=\"https:\/\/schema.org\/CreativeWork\" ><div class='avia_textblock'  itemprop=\"text\" ><h5 class=\"av-special-heading-tag\">OrthoDutch Basic<\/h5>\n<\/div><\/section><br \/>\n<div  class='hr av-8xvai-de84d3d7eac8d131050ea07fbf31af50 hr-default  avia-builder-el-2  el_after_av_textblock  el_before_av_image '><span class='hr-inner '><span class=\"hr-inner-style\"><\/span><\/span><\/div><br \/>\n\n<style type=\"text\/css\" data-created_by=\"avia_inline_auto\" id=\"style-css-av-mkhbu-a5b83b99b933d07f9b506293eb65beb5\">\n.avia-image-container.av-mkhbu-a5b83b99b933d07f9b506293eb65beb5 .av-image-caption-overlay-center{\ncolor:#ffffff;\n}\n<\/style>\n<div  class='avia-image-container av-mkhbu-a5b83b99b933d07f9b506293eb65beb5 av-styling- avia-align-center  avia-builder-el-3  el_after_av_hr  el_before_av_textblock '  itemprop=\"image\" itemscope=\"itemscope\" itemtype=\"https:\/\/schema.org\/ImageObject\" ><div class=\"avia-image-container-inner\"><div class=\"avia-image-overlay-wrap\"><img decoding=\"async\" class='wp-image-297 avia-img-lazy-loading-not-297 avia_image' src=\"https:\/\/www.orthodutch.com\/wp-content\/uploads\/2022\/02\/Podonova-Orthodutch-zolenfreesmachine-basic-en-profi-300x250.jpeg\" alt='' title='Podonova-Orthodutch-zolenfreesmachine-basic-en-profi'  height=\"250\" width=\"300\"  itemprop=\"thumbnailUrl\" srcset=\"https:\/\/www.orthodutch.com\/wp-content\/uploads\/2022\/02\/Podonova-Orthodutch-zolenfreesmachine-basic-en-profi-300x250.jpeg 300w, https:\/\/www.orthodutch.com\/wp-content\/uploads\/2022\/02\/Podonova-Orthodutch-zolenfreesmachine-basic-en-profi-768x640.jpeg 768w, https:\/\/www.orthodutch.com\/wp-content\/uploads\/2022\/02\/Podonova-Orthodutch-zolenfreesmachine-basic-en-profi-705x588.jpeg 705w, https:\/\/www.orthodutch.com\/wp-content\/uploads\/2022\/02\/Podonova-Orthodutch-zolenfreesmachine-basic-en-profi.jpeg 1020w\" sizes=\"(max-width: 300px) 100vw, 300px\" \/><\/div><\/div><\/div><br \/>\n<section  class='av_textblock_section av-kz6yf3wg-55e26d7b3ff045b8bb53b60392457c3f'  itemscope=\"itemscope\" itemtype=\"https:\/\/schema.org\/CreativeWork\" ><div class='avia_textblock'  itemprop=\"text\" ><h5 class=\"av-special-heading-tag\"><\/h5>\n<p>Die OrthoDutch Basic 500 ist eine robuste und pr\u00e4zise Fr\u00e4smaschine zur Herstellung von Einlagen in einer kleinen Praxis. Der Fr\u00e4smotor hat eine Leistung von 500 Watt, was f\u00fcr eine durchschnittliche Fr\u00e4szeit von 20 Minuten sorgt. Die genaue Fr\u00e4szeit h\u00e4ngt vom Shore-Wert der verwendeten Fr\u00e4sbl\u00f6cke ab. Bei h\u00f6heren Shore-Werten werden einige Minuten mehr ben\u00f6tigt als bei niedrigeren Shore-Werten.<\/p>\n<ul>\n<li><strong>Geschwindigkeit durchschnittlich<\/strong> 20 Minuten pro Paar Sohlen<\/li>\n<li><strong>Bewegungsbereich<\/strong> X400 mm\/Y300 mm\/Z140 mm<\/li>\n<li><strong>Wiederholgenauigkeit<\/strong> ca. 0,02<\/li>\n<li><strong>Aufspanntischabmessungen<\/strong> B700mm \/ T375mm<\/li>\n<li><strong>Abmessungen<\/strong> B77cm \/ T84cm \/ H90cm<\/li>\n<li><strong>Gewicht<\/strong> etwa 120 kg<\/li>\n<\/ul>\n<\/div><\/section><\/p><\/div>\n<div class='flex_column av-gf3f6-5d1eaa950473779139bf14ab98ead4af av_one_fourth  avia-builder-el-5  el_after_av_one_fourth  el_before_av_one_fourth  flex_column_div '   ><section  class='av_textblock_section av-kz6z3z2g-64c10c8b42466854d6f6790133240912'  itemscope=\"itemscope\" itemtype=\"https:\/\/schema.org\/CreativeWork\" ><div class='avia_textblock'  itemprop=\"text\" ><h5 class=\"av-special-heading-tag\">OrthoDutch Profi<\/h5>\n<\/div><\/section><br \/>\n<div  class='hr av-dq5ga-8d9760103a078a38797246904f937477 hr-default  avia-builder-el-7  el_after_av_textblock  el_before_av_image '><span class='hr-inner '><span class=\"hr-inner-style\"><\/span><\/span><\/div><br \/>\n\n<style type=\"text\/css\" data-created_by=\"avia_inline_auto\" id=\"style-css-av-dgbaa-39a96b3fb902839056457e293a4a5613\">\n.avia-image-container.av-dgbaa-39a96b3fb902839056457e293a4a5613 .av-image-caption-overlay-center{\ncolor:#ffffff;\n}\n<\/style>\n<div  class='avia-image-container av-dgbaa-39a96b3fb902839056457e293a4a5613 av-styling- avia-align-center  avia-builder-el-8  el_after_av_hr  el_before_av_textblock '  itemprop=\"image\" itemscope=\"itemscope\" itemtype=\"https:\/\/schema.org\/ImageObject\" ><div class=\"avia-image-container-inner\"><div class=\"avia-image-overlay-wrap\"><img decoding=\"async\" class='wp-image-297 avia-img-lazy-loading-not-297 avia_image' src=\"https:\/\/www.orthodutch.com\/wp-content\/uploads\/2022\/02\/Podonova-Orthodutch-zolenfreesmachine-basic-en-profi-300x250.jpeg\" alt='' title='Podonova-Orthodutch-zolenfreesmachine-basic-en-profi'  height=\"250\" width=\"300\"  itemprop=\"thumbnailUrl\" srcset=\"https:\/\/www.orthodutch.com\/wp-content\/uploads\/2022\/02\/Podonova-Orthodutch-zolenfreesmachine-basic-en-profi-300x250.jpeg 300w, https:\/\/www.orthodutch.com\/wp-content\/uploads\/2022\/02\/Podonova-Orthodutch-zolenfreesmachine-basic-en-profi-768x640.jpeg 768w, https:\/\/www.orthodutch.com\/wp-content\/uploads\/2022\/02\/Podonova-Orthodutch-zolenfreesmachine-basic-en-profi-705x588.jpeg 705w, https:\/\/www.orthodutch.com\/wp-content\/uploads\/2022\/02\/Podonova-Orthodutch-zolenfreesmachine-basic-en-profi.jpeg 1020w\" sizes=\"(max-width: 300px) 100vw, 300px\" \/><\/div><\/div><\/div><br \/>\n<section  class='av_textblock_section av-kz6yfhgw-5be44f67f71733233ed7f42bb01d86ee'  itemscope=\"itemscope\" itemtype=\"https:\/\/schema.org\/CreativeWork\" ><div class='avia_textblock'  itemprop=\"text\" ><h5 class=\"av-special-heading-tag\"><\/h5>\n<p>Die Fr\u00e4smaschine OrthoDutch Profi 900 ist f\u00fcr den Profi, der schnell Sohlen in allen St\u00e4rken und Shore-Werten fr\u00e4sen m\u00f6chte. Die Maschine ist identisch mit der Profi 750 und zus\u00e4tzlich mit einem Steuermodul mit 2 sogenannten \u201eServo\u201c-Motoren f\u00fcr schnelles und leises Fr\u00e4sen und sanfte Bewegungen ausgestattet. Durch die h\u00f6here Leistung ist der Fr\u00e4smotor noch kr\u00e4ftiger und kann hohe Shore-Werte und hohe Fr\u00e4sbl\u00f6cke einfach und schnell fr\u00e4sen.<\/p>\n<ul>\n<li><strong>Geschwindigkeit durchschnittlich<\/strong> 20 Minuten pro Paar Sohlen<\/li>\n<li><strong>Bewegungsbereich<\/strong> X400 mm\/Y300 mm\/Z140 mm<\/li>\n<li><strong>Wiederholgenauigkeit<\/strong> ca. 0,02<\/li>\n<li><strong>Aufspanntischabmessungen<\/strong> B700mm \/ T375mm<\/li>\n<li><strong>Abmessungen<\/strong> B77cm \/ T84cm \/ H90cm<\/li>\n<li><strong>Gewicht<\/strong> etwa 120 kg<\/li>\n<\/ul>\n<\/div><\/section><\/p><\/div>\n<div class='flex_column av-8ymaq-44c4126de9c8da538ddedafa566817a3 av_one_fourth  avia-builder-el-10  el_after_av_one_fourth  el_before_av_one_fourth  flex_column_div '   ><section  class='av_textblock_section av-kz6z4co5-35be7698e9f92f5477c10c80a78fa7cc'  itemscope=\"itemscope\" itemtype=\"https:\/\/schema.org\/CreativeWork\" ><div class='avia_textblock'  itemprop=\"text\" ><h5 class=\"av-special-heading-tag\">OrthoDutch Expert<\/h5>\n<\/div><\/section><br \/>\n<div  class='hr av-atk0q-8cb63c4264c49d3280d3514ec370f875 hr-default  avia-builder-el-12  el_after_av_textblock  el_before_av_image '><span class='hr-inner '><span class=\"hr-inner-style\"><\/span><\/span><\/div><br \/>\n\n<style type=\"text\/css\" data-created_by=\"avia_inline_auto\" id=\"style-css-av-bqy6i-b4527d1326341e3d6bc10ac86297498b\">\n.avia-image-container.av-bqy6i-b4527d1326341e3d6bc10ac86297498b .av-image-caption-overlay-center{\ncolor:#ffffff;\n}\n<\/style>\n<div  class='avia-image-container av-bqy6i-b4527d1326341e3d6bc10ac86297498b av-styling- avia-align-center  avia-builder-el-13  el_after_av_hr  el_before_av_textblock '  itemprop=\"image\" itemscope=\"itemscope\" itemtype=\"https:\/\/schema.org\/ImageObject\" ><div class=\"avia-image-container-inner\"><div class=\"avia-image-overlay-wrap\"><img decoding=\"async\" class='wp-image-273 avia-img-lazy-loading-not-273 avia_image' src=\"https:\/\/www.orthodutch.com\/wp-content\/uploads\/2020\/09\/Podonova-Orthodutch-Freestafel-expert-1200x1000-1-300x250.jpg\" alt='' title='Podonova-Orthodutch-Freestafel-expert-1200x1000-1'  height=\"250\" width=\"300\"  itemprop=\"thumbnailUrl\" srcset=\"https:\/\/www.orthodutch.com\/wp-content\/uploads\/2020\/09\/Podonova-Orthodutch-Freestafel-expert-1200x1000-1-300x250.jpg 300w, https:\/\/www.orthodutch.com\/wp-content\/uploads\/2020\/09\/Podonova-Orthodutch-Freestafel-expert-1200x1000-1-1024x853.jpg 1024w, https:\/\/www.orthodutch.com\/wp-content\/uploads\/2020\/09\/Podonova-Orthodutch-Freestafel-expert-1200x1000-1-768x640.jpg 768w, https:\/\/www.orthodutch.com\/wp-content\/uploads\/2020\/09\/Podonova-Orthodutch-Freestafel-expert-1200x1000-1-200x167.jpg 200w, https:\/\/www.orthodutch.com\/wp-content\/uploads\/2020\/09\/Podonova-Orthodutch-Freestafel-expert-1200x1000-1-400x333.jpg 400w, https:\/\/www.orthodutch.com\/wp-content\/uploads\/2020\/09\/Podonova-Orthodutch-Freestafel-expert-1200x1000-1-600x500.jpg 600w, https:\/\/www.orthodutch.com\/wp-content\/uploads\/2020\/09\/Podonova-Orthodutch-Freestafel-expert-1200x1000-1-800x667.jpg 800w, https:\/\/www.orthodutch.com\/wp-content\/uploads\/2020\/09\/Podonova-Orthodutch-Freestafel-expert-1200x1000-1.jpg 1200w\" sizes=\"(max-width: 300px) 100vw, 300px\" \/><\/div><\/div><\/div><br \/>\n<section  class='av_textblock_section av-kz6yfqiy-fc1918aff788006d6a002dd10bee0e55'  itemscope=\"itemscope\" itemtype=\"https:\/\/schema.org\/CreativeWork\" ><div class='avia_textblock'  itemprop=\"text\" ><h5 class=\"av-special-heading-tag\"><\/h5>\n<p>Die OrthoDutch Expert Fr\u00e4smaschine ist f\u00fcr den Profi, der schnell Sohlen in allen St\u00e4rken und Shore-Werten fr\u00e4sen m\u00f6chte. Die Maschine ist mit einem Steuermodul mit 2 sogenannten &#8218;Servo&#8216;-Motoren f\u00fcr schnelle und leise Fr\u00e4sarbeiten und mit sanften Bewegungen ausgestattet. Durch die h\u00f6here Leistung ist der Fr\u00e4smotor noch leistungsst\u00e4rker und fr\u00e4st problemlos und schnell hohe Shorewerte und hohe Fr\u00e4sbl\u00f6cke.Diese Maschine ist komplett komplett mit einem integrierten Industrie-PC zur Steuerung der Maschine. Die Maschine ben\u00f6tigt keinen Arbeitstisch, da Aluminium f\u00fcr eine korrekte Arbeitsh\u00f6he sorgt. Diese Maschine ist auch die Basis, auf der unser 24\/7-Konzept basiert.<\/p>\n<ul>\n<li><strong>Geschwindigkeit durchschnittlich<\/strong> 20 Minuten pro Paar Sohlen<\/li>\n<li><strong>Bewegungsbereich<\/strong> X400 mm\/Y300 mm\/Z140 mm<\/li>\n<li><strong>Wiederholgenauigkeit<\/strong> ca. 0,02<\/li>\n<li><strong>Aufspanntischabmessungen<\/strong> B700mm \/ T375mm<\/li>\n<li><strong>Abmessungen<\/strong> B77cm \/ T84cm \/ H90cm<\/li>\n<li><strong>Gewicht<\/strong> etwa 120 kg<\/li>\n<\/ul>\n<\/div><\/section><\/p><\/div>\n<div class='flex_column av-eag5u-382ea1ea163752241ed6f33dff9ccb6e av_one_fourth  avia-builder-el-15  el_after_av_one_fourth  el_before_av_one_full  flex_column_div '   ><section  class='av_textblock_section av-kz7e82a5-68f3ea6dbbab6ddb9e3c556633ee25b5'  itemscope=\"itemscope\" itemtype=\"https:\/\/schema.org\/CreativeWork\" ><div class='avia_textblock'  itemprop=\"text\" ><h5 class=\"av-special-heading-tag\">OrthoDutch absaugen<\/h5>\n<\/div><\/section><br \/>\n<div  class='hr av-bfftu-3b301359df445c6ac9998a369cbeeb37 hr-default  avia-builder-el-17  el_after_av_textblock  el_before_av_image '><span class='hr-inner '><span class=\"hr-inner-style\"><\/span><\/span><\/div><br \/>\n\n<style type=\"text\/css\" data-created_by=\"avia_inline_auto\" id=\"style-css-av-kz7e8rzq-04d6ca67a72f06c472b635c65a546889\">\n.avia-image-container.av-kz7e8rzq-04d6ca67a72f06c472b635c65a546889 .av-image-caption-overlay-center{\ncolor:#ffffff;\n}\n<\/style>\n<div  class='avia-image-container av-kz7e8rzq-04d6ca67a72f06c472b635c65a546889 av-styling- avia-align-center  avia-builder-el-18  el_after_av_hr  el_before_av_textblock '  itemprop=\"image\" itemscope=\"itemscope\" itemtype=\"https:\/\/schema.org\/ImageObject\" ><div class=\"avia-image-container-inner\"><div class=\"avia-image-overlay-wrap\"><img decoding=\"async\" class='wp-image-299 avia-img-lazy-loading-not-299 avia_image' src=\"https:\/\/www.orthodutch.com\/wp-content\/uploads\/2022\/02\/Podonova-Orthodutch-afzuigunit-voor-zolenfreesmachine-300x250.jpeg\" alt='' title='Podonova-Orthodutch-afzuigunit-voor-zolenfreesmachine'  height=\"250\" width=\"300\"  itemprop=\"thumbnailUrl\" srcset=\"https:\/\/www.orthodutch.com\/wp-content\/uploads\/2022\/02\/Podonova-Orthodutch-afzuigunit-voor-zolenfreesmachine-300x250.jpeg 300w, https:\/\/www.orthodutch.com\/wp-content\/uploads\/2022\/02\/Podonova-Orthodutch-afzuigunit-voor-zolenfreesmachine-1030x858.jpeg 1030w, https:\/\/www.orthodutch.com\/wp-content\/uploads\/2022\/02\/Podonova-Orthodutch-afzuigunit-voor-zolenfreesmachine-768x640.jpeg 768w, https:\/\/www.orthodutch.com\/wp-content\/uploads\/2022\/02\/Podonova-Orthodutch-afzuigunit-voor-zolenfreesmachine-705x588.jpeg 705w, https:\/\/www.orthodutch.com\/wp-content\/uploads\/2022\/02\/Podonova-Orthodutch-afzuigunit-voor-zolenfreesmachine.jpeg 1200w\" sizes=\"(max-width: 300px) 100vw, 300px\" \/><\/div><\/div><\/div><br \/>\n<section  class='av_textblock_section av-kz7ea3vl-0c14c4937fb7b89df4108d462a37d2a6'  itemscope=\"itemscope\" itemtype=\"https:\/\/schema.org\/CreativeWork\" ><div class='avia_textblock'  itemprop=\"text\" ><h5 class=\"av-special-heading-tag\"><\/h5>\n<p>Der Mobil100 ist ein mobiles Industriesaugger\u00e4t mit Klemmverschluss zum einfachen Entleeren\/Wechseln des Fangsacks. Er hat einen Durchmesser von 80 mm und eine mehr als ausreichende Saugleistung f\u00fcr alle OrthoDutch-Fr\u00e4smaschinen. F\u00fcr einen optimalen Betrieb sollte der Schlauch zwischen der Fr\u00e4se und der Absaugung nicht l\u00e4nger als 5 m sein.<\/p>\n<ul>\n<li>Leistung 0,75 kW (230 V)<\/li>\n<li>Filterfl\u00e4che 1,1 m2<\/li>\n<li>Ger\u00e4uschpegel 81 dB(A)<\/li>\n<li>Fassungsverm\u00f6gen des Fangsacks 90 Liter<\/li>\n<li>Abmessungen L89 x B58 x H170 cm<\/li>\n<li>Gewicht 25 kg<\/li>\n<\/ul>\n<\/div><\/section><\/p><\/div><div class='flex_column av-a8gre-eb1c65528e9ff64c04e8ef70ccadaf7d av_one_full  avia-builder-el-20  el_after_av_one_fourth  avia-builder-el-last  first flex_column_div column-top-margin'   ><section  class='av_textblock_section av-kz6yndme-eca3c93255895050650f3bf21718543b'  itemscope=\"itemscope\" itemtype=\"https:\/\/schema.org\/CreativeWork\" ><div class='avia_textblock'  itemprop=\"text\" ><p>Alle OrthoDutch-Maschinen werden von einem renommierten deutschen Maschinenhersteller hergestellt. OrthoDutch vervollst\u00e4ndigt diese Maschinen mit einem Aluminium-Vakuumspanntisch, der speziell f\u00fcr Ihre Anwendung entwickelt wurde. Die leistungsstarke wartungsfreie Vakuumpumpe ist mit einem speziellen Schmutzfilter ausgestattet und h\u00e4lt Ihr EVA sicher beim Fr\u00e4sen. F\u00fcr eine gute Sicht in Ihre Maschine ist eine Halogen-Innenbeleuchtung vorgesehen. Robuste Bedienknebel aus Edelstahl mit LED-Beleuchtung machen die Bedienung sehr komfortabel. Die speziell konstruierte Absaugd\u00fcse aus Aluminium kann f\u00fcr einen kleinen Industriesauger (40 mm Durchmesser), einen extrem leistungsstarken Industriesauger (80 mm Durchmesser) oder den direkten Anschluss an Ihre zentrale Absauganlage ausgestattet werden. Zwei integrierte 220-VAC-Steckdosen f\u00fcr Vakuumpumpe und Absaugung runden das Ganze ab.<\/p>\n<\/div><\/section><\/div><\/p>\n","protected":false},"excerpt":{"rendered":"","protected":false},"author":4,"featured_media":0,"parent":0,"menu_order":0,"comment_status":"closed","ping_status":"closed","template":"","meta":{"footnotes":""},"class_list":["post-411","page","type-page","status-publish","hentry"],"_links":{"self":[{"href":"https:\/\/www.orthodutch.com\/de\/wp-json\/wp\/v2\/pages\/411","targetHints":{"allow":["GET"]}}],"collection":[{"href":"https:\/\/www.orthodutch.com\/de\/wp-json\/wp\/v2\/pages"}],"about":[{"href":"https:\/\/www.orthodutch.com\/de\/wp-json\/wp\/v2\/types\/page"}],"author":[{"embeddable":true,"href":"https:\/\/www.orthodutch.com\/de\/wp-json\/wp\/v2\/users\/4"}],"replies":[{"embeddable":true,"href":"https:\/\/www.orthodutch.com\/de\/wp-json\/wp\/v2\/comments?post=411"}],"version-history":[{"count":20,"href":"https:\/\/www.orthodutch.com\/de\/wp-json\/wp\/v2\/pages\/411\/revisions"}],"predecessor-version":[{"id":471,"href":"https:\/\/www.orthodutch.com\/de\/wp-json\/wp\/v2\/pages\/411\/revisions\/471"}],"wp:attachment":[{"href":"https:\/\/www.orthodutch.com\/de\/wp-json\/wp\/v2\/media?parent=411"}],"curies":[{"name":"wp","href":"https:\/\/api.w.org\/{rel}","templated":true}]}}